{"id":13595,"date":"2016-06-15T20:40:59","date_gmt":"2016-06-15T20:40:59","guid":{"rendered":"http:\/\/hendrikhoffmann.com\/wordpress\/?page_id=13595"},"modified":"2016-10-26T16:25:57","modified_gmt":"2016-10-26T16:25:57","slug":"impressum","status":"publish","type":"page","link":"http:\/\/hendrikhoffmann.com\/wordpress\/impressum\/","title":{"rendered":"Impressum"},"content":{"rendered":"<p>[vc_row bg_type=&#8220;image&#8220; bg_image_new=&#8220;13291&#8243;][vc_column][vc_empty_space][vc_column_text]<\/p>\n<h2 class=\"title\"><span style=\"color: #ffffff;\">\u00a0<\/span><\/h2>\n<div class=\"entry clearfix\">\n<p><span style=\"color: #ffffff;\"><strong>Impressum<\/strong><\/span><\/p>\n<p><span style=\"color: #ffffff;\">Angaben gem\u00e4\u00df \u00a7 5 TMG:<\/span><\/p>\n<p>&nbsp;<\/p>\n<p><span style=\"color: #ffffff;\"><strong>Verantwortlich f\u00fcr den Inhalt nach \u00a7 55 Abs. 2 RStV.<\/strong><\/span><\/p>\n<p><span style=\"color: #ffffff;\"><strong>Quellenangaben f\u00fcr die verwendeten Bilder und Grafiken:<\/strong><\/span><\/p>\n<p><span style=\"color: #ffffff;\">WordPress, eigene Bilder<\/span><\/p>\n<p>&nbsp;<\/p>\n<p><span style=\"color: #ffffff;\"><strong>Haftungsausschluss:<\/strong><\/span><\/p>\n<p><span style=\"color: #ffffff;\"><strong>Haftung f\u00fcr Inhalte<\/strong><\/span><\/p>\n<p><span style=\"color: #ffffff;\">Die Inhalte unserer Seiten wurden mit gr\u00f6\u00dfter Sorgfalt erstellt. F\u00fcr die Richtigkeit, Vollst\u00e4ndigkeit und Aktualit\u00e4t der Inhalte k\u00f6nnen wir jedoch keine Gew\u00e4hr \u00fcbernehmen. Als Diensteanbieter sind wir gem\u00e4\u00df \u00a7 7 Abs.1 TMG f\u00fcr eigene Inhalte auf diesen Seiten nach den allgemeinen Gesetzen verantwortlich. Nach \u00a7\u00a7 8 bis 10 TMG sind wir als Diensteanbieter jedoch nicht verpflichtet, \u00fcbermittelte oder gespeicherte fremde Informationen zu \u00fcberwachen oder nach Umst\u00e4nden zu forschen, die auf eine rechtswidrige T\u00e4tigkeit hinweisen. Verpflichtungen zur Entfernung oder Sperrung der Nutzung von Informationen nach den allgemeinen Gesetzen bleiben hiervon unber\u00fchrt. Eine diesbez\u00fcgliche Haftung ist jedoch erst ab dem Zeitpunkt der Kenntnis einer konkreten Rechtsverletzung m\u00f6glich. Bei Bekanntwerden von entsprechenden Rechtsverletzungen werden wir diese Inhalte umgehend entfernen.<\/span><\/p>\n<p><span style=\"color: #ffffff;\"><strong>Haftung f\u00fcr Links<\/strong><\/span><\/p>\n<p><span style=\"color: #ffffff;\">Unser Angebot enth\u00e4lt Links zu externen Webseiten Dritter, auf deren Inhalte wir keinen Einfluss haben. Deshalb k\u00f6nnen wir f\u00fcr diese fremden Inhalte auch keine Gew\u00e4hr \u00fcbernehmen. F\u00fcr die Inhalte der verlinkten Seiten ist stets der jeweilige Anbieter oder Betreiber der Seiten verantwortlich. Die verlinkten Seiten wurden zum Zeitpunkt der Verlinkung auf m\u00f6gliche Rechtsverst\u00f6\u00dfe \u00fcberpr\u00fcft. Rechtswidrige Inhalte waren zum Zeitpunkt der Verlinkung nicht erkennbar. Eine permanente inhaltliche Kontrolle der verlinkten Seiten ist jedoch ohne konkrete Anhaltspunkte einer Rechtsverletzung nicht zumutbar. Bei Bekanntwerden von Rechtsverletzungen werden wir derartige Links umgehend entfernen.<\/span><\/p>\n<p><span style=\"color: #ffffff;\"><strong>Urheberrecht<\/strong><\/span><\/p>\n<p><span style=\"color: #ffffff;\">Die durch die Seitenbetreiber erstellten Inhalte und Werke auf diesen Seiten unterliegen dem deutschen Urheberrecht. Die Vervielf\u00e4ltigung, Bearbeitung, Verbreitung und jede Art der Verwertung au\u00dferhalb der Grenzen des Urheberrechtes bed\u00fcrfen der schriftlichen Zustimmung des jeweiligen Autors bzw. Erstellers. Downloads und Kopien dieser Seite sind nur f\u00fcr den privaten, nicht kommerziellen Gebrauch gestattet. Soweit die Inhalte auf dieser Seite nicht vom Betreiber erstellt wurden, werden die Urheberrechte Dritter beachtet. Insbesondere werden Inhalte Dritter als solche gekennzeichnet. Sollten Sie trotzdem auf eine Urheberrechtsverletzung aufmerksam werden, bitten wir um einen entsprechenden Hinweis. Bei Bekanntwerden von Rechtsverletzungen werden wir derartige Inhalte umgehend entfernen.<\/span><\/p>\n<p><span style=\"color: #ffffff;\"><strong>Datenschutz<\/strong><\/span><\/p>\n<p><span style=\"color: #ffffff;\">Die Nutzung unserer Webseite ist in der Regel ohne Angabe personenbezogener Daten m\u00f6glich. Soweit auf unseren Seiten personenbezogene Daten (beispielsweise Name, Anschrift oder eMail-Adressen) erhoben werden, erfolgt dies, soweit m\u00f6glich, stets auf freiwilliger Basis. Diese Daten werden ohne Ihre ausdr\u00fcckliche Zustimmung nicht an Dritte weitergegeben.<\/span><\/p>\n<p><span style=\"color: #ffffff;\">Wir weisen darauf hin, dass die Daten\u00fcbertragung im Internet (z.B. bei der Kommunikation per E-Mail) Sicherheitsl\u00fccken aufweisen kann. Ein l\u00fcckenloser Schutz der Daten vor dem Zugriff durch Dritte ist nicht m\u00f6glich.<\/span><\/p>\n<p><span style=\"color: #ffffff;\">AGB (Hendrik Hoffmann, Sprecher)<br \/>\n\u00a7 1 Geltung gegen\u00fcber Unternehmern und Begriffsdefinitionen<br \/>\nDie nachfolgenden Allgemeinen Gesch\u00e4ftsbedingungen gelten f\u00fcr alle Lieferungen von Sprachaufnahmen zwischen dem Sprecher Hendrik Hoffmann und einem Besteller in ihrer zum Zeitpunkt der Bestellung g\u00fcltigen Fassung. Abweichende Bedingungen des Bestellers erkenne ich nicht an, es sei denn, ich h\u00e4tte ausdr\u00fccklich schriftlich ihrer Geltung zugestimmt.<br \/>\n\u00a7 2 Zustandekommen eines Vertrages<br \/>\n(1) Die folgenden Regelungen \u00fcber den Vertragsabschluss gelten f\u00fcr Bestellungen per e-mail \u00fcber hendrikhoffmann@gmx.net, per Telefon oder nach m\u00fcndlicher Absprache.<br \/>\n(2) Im Falle des Vertragsschlusses kommt der Vertrag mit Hendrik Hoffmann, Guntherstrasse 206, 50739 K\u00f6ln zustande.<br \/>\n\u00a7 3 Preise, Zahlung, F\u00e4lligkeit<br \/>\n(1) Die angegebenen Preise verstehen sich zzgl. 19% gesetzlicher Umsatzsteuer,<br \/>\n(2) Die angegebenen Preise f\u00fcr die Sprachaufnahmen verstehen sich pro Projekt im Rahmen der vereinbarten Verwertungsrechte. Ein Projekt ist dabei die Herstellung einer spezifischen Medienproduktion (z.B. eines Filmes\/Videos oder einer Telefonansage) f\u00fcr einen spezifischen Endkunden. Sobald die Sprachaufnahme f\u00fcr eine andere Medienproduktion des gleichen Endkunden in einer zus\u00e4tzlichen Version oder eines anderen Endkunden genutzt werden soll muss dies separat je nach Einzelfall individuell berechnet werden.<br \/>\n(3) Ausschlaggebend f\u00fcr die Ermittlung des Preises bei Werbung ist die technische Reichweite des Senders, meist die Einwohner im Sendegebiet.<br \/>\n(4) Der Besteller stimmt zu, die Rechnung ausschlie\u00dflich per E-Mail als pdf-Datei zu erhalten.<br \/>\n\u00a7 6 Eigentumsvorbehalt, Verwertungsrechte, Urheberrechte<br \/>\n(1) Ich behalte mir das Eigentum an der Sprachaufnahme bis zur vollst\u00e4ndigen Bezahlung des Kaufpreises vor.<br \/>\n(2) Ich behalte mir die Verwertungsrechte an der Sprachaufnahme bis zur vollst\u00e4ndigen Bezahlung des Kaufpreises vor. Die Verwertungsrechte an der Sprachaufnahme gehen, wie in der Auftragsbest\u00e4tigung und auch Rechnung jeweils detailliert nach Einsatzzweck, r\u00e4umlicher und zeitlicher Nutzung aufgef\u00fchrt, erst mit vollst\u00e4ndiger Bezahlung der Sprachaufnahme auf den Besteller \u00fcber.<br \/>\n(3) Die Urheberrechte an den von mir erstellten Sprachaufnahmen liegen ausschlie\u00dflich bei mir. Dem Besteller ist es nicht gestattet &#8211; sofern nicht anders schriftlich vereinbart &#8211; diese Sprachaufnahmen unter seinem Namen zu vertreiben.<br \/>\n(4) Gesch\u00fctzte Namen geh\u00f6ren ihren Eigent\u00fcmern. S\u00e4mtliche der in von mir angebotenen Arbeiten erw\u00e4hnte Namen von Marken, Waren oder Informationsanbietern geh\u00f6ren ihren Eigent\u00fcmern und werden ohne Gew\u00e4hrleistung der freien Verf\u00fcgbarkeit wiedergegeben. Die Namen sind entweder eingetragene Warenzeichen oder sollten als solche betrachtet werden.<br \/>\n\u00a7 10 Haftung<br \/>\n(1) Ich hafte nicht f\u00fcr den Inhalt und die rechtliche Zul\u00e4ssigkeit der Aussagen in der Sprachaufnahme.<br \/>\n\u00a7 11 Rechtefreigabe<br \/>\nDer Besteller erteilt mir das Recht seinen Namen f\u00fcr Marketingzwecke zu verwenden. Hierzu z\u00e4hlt auch die Anzeige und Benutzung von Firmenlogos und\/oder Produktionsbeispielen bspw. auf der Internetseite hendrikhoffmann.com oder auf meinen Sprecherprofilen im Internet. Sollte der Besteller dies nicht w\u00fcnschen, so hat er dies schriftlich mitzuteilen.<br \/>\n\u00a7 13 Salvatorische Klausel<br \/>\nSollte eine Regelung in diesen Allgemeinen Gesch\u00e4ftsbedingungen unwirksam sein oder werden, ber\u00fchrt dies die Wirksamkeit der \u00fcbrigen Bestimmungen nicht. Anstelle unwirksamer Allgemeiner Gesch\u00e4ftsbedingungen tritt dann die gesetzliche Regelung.<br \/>\n\u00a7 14 Gerichtsstand<br \/>\nK\u00f6ln ist ausschlie\u00dflicher Gerichtsstand f\u00fcr alle sich aus dem Vertragsverh\u00e4ltnis unmittelbar oder mittelbar ergebenden Streitigkeiten.<\/span><\/p>\n<\/div>\n<p>[\/vc_column_text][vc_empty_space][\/vc_column][\/vc_row][vc_row][vc_column][\/vc_column][\/vc_row]<\/p>\n","protected":false},"excerpt":{"rendered":"<p>[vc_row bg_type=&#8220;image&#8220; bg_image_new=&#8220;13291&#8243;][vc_column][vc_empty_space][vc_column_text] \u00a0 Impressum Angaben gem\u00e4\u00df \u00a7 5 TMG: &nbsp; Verantwortlich f\u00fcr den Inhalt nach \u00a7 55 Abs. 2 RStV. Quellenangaben f\u00fcr die verwendeten Bilder und Grafiken: WordPress, eigene<\/p>\n","protected":false},"author":1,"featured_media":0,"parent":0,"menu_order":0,"comment_status":"closed","ping_status":"closed","template":"page-custom.php","meta":[],"_links":{"self":[{"href":"http:\/\/hendrikhoffmann.com\/wordpress\/wp-json\/wp\/v2\/pages\/13595"}],"collection":[{"href":"http:\/\/hendrikhoffmann.com\/wordpress\/wp-json\/wp\/v2\/pages"}],"about":[{"href":"http:\/\/hendrikhoffmann.com\/wordpress\/wp-json\/wp\/v2\/types\/page"}],"author":[{"embeddable":true,"href":"http:\/\/hendrikhoffmann.com\/wordpress\/wp-json\/wp\/v2\/users\/1"}],"replies":[{"embeddable":true,"href":"http:\/\/hendrikhoffmann.com\/wordpress\/wp-json\/wp\/v2\/comments?post=13595"}],"version-history":[{"count":9,"href":"http:\/\/hendrikhoffmann.com\/wordpress\/wp-json\/wp\/v2\/pages\/13595\/revisions"}],"predecessor-version":[{"id":13854,"href":"http:\/\/hendrikhoffmann.com\/wordpress\/wp-json\/wp\/v2\/pages\/13595\/revisions\/13854"}],"wp:attachment":[{"href":"http:\/\/hendrikhoffmann.com\/wordpress\/wp-json\/wp\/v2\/media?parent=13595"}],"curies":[{"name":"wp","href":"https:\/\/api.w.org\/{rel}","templated":true}]}}